{"id":25,"date":"2025-02-06T12:25:25","date_gmt":"2025-02-06T11:25:25","guid":{"rendered":"https:\/\/www.linedance-in-berlin.de\/?page_id=25"},"modified":"2025-07-31T09:24:49","modified_gmt":"2025-07-31T07:24:49","slug":"barrierefreiheit","status":"publish","type":"page","link":"https:\/\/www.linedance-in-berlin.de\/?page_id=25","title":{"rendered":"Barrierefreiheit"},"content":{"rendered":"\t\t<div data-elementor-type=\"wp-page\" data-elementor-id=\"25\" class=\"elementor elementor-25\" data-elementor-post-type=\"page\">\n\t\t\t\t<div class=\"elementor-element elementor-element-d2dfe29 e-con-full e-flex e-con e-parent\" data-id=\"d2dfe29\" data-element_type=\"container\" data-e-type=\"container\">\n\t\t\t\t<div class=\"elementor-element elementor-element-0fb3e15 elementor-widget elementor-widget-text-editor\" data-id=\"0fb3e15\" data-element_type=\"widget\" data-e-type=\"widget\" data-widget_type=\"text-editor.default\">\n\t\t\t\t<div class=\"elementor-widget-container\">\n\t\t\t\t\t\t\t\t\t<p data-start=\"0\" data-end=\"30\"><strong data-start=\"32\" data-end=\"54\" style=\"color: rgb(0, 0, 0); font-size: 1rem;\">1. Geltungsbereich<\/strong><\/p><p data-start=\"32\" data-end=\"198\"><span style=\"color: #000000;\">Diese Erkl\u00e4rung zur Barrierefreiheit gilt f\u00fcr die Website <a class=\"\" style=\"color: #000000;\" href=\"https:\/\/linedance-in-berlin.de\/\" target=\"_new\" rel=\"noopener\" data-start=\"115\" data-end=\"146\">https:\/\/linedance-in-berlin.de\/<\/a> von Ralph Bergmann, Am Bahnhof 2a, 16515 Z\u00fchlsdorf.<\/span><\/p>\n<p data-start=\"200\" data-end=\"370\"><span style=\"color: #000000;\"><strong data-start=\"200\" data-end=\"234\">2. Status der Barrierefreiheit<\/strong><\/span><br data-start=\"234\" data-end=\"237\"><span style=\"color: #000000;\">Unsere Website ist teilweise barrierefrei. Wir orientieren uns an den gesetzlichen Vorgaben der BITV 2.0 und den WCAG 2.1 (Level AA).<\/span><\/p>\n<p data-start=\"372\" data-end=\"419\"><span style=\"color: #000000;\"><strong data-start=\"372\" data-end=\"417\">3. Verwendete Standards und Pr\u00fcfverfahren<\/strong><\/span><\/p>\n<ul data-start=\"420\" data-end=\"615\">\n<li data-start=\"420\" data-end=\"462\">\n<p data-start=\"422\" data-end=\"462\"><span style=\"color: #000000;\"><strong data-start=\"422\" data-end=\"438\">Richtlinien:<\/strong> WCAG 2.1 AA, BITV 2.0<\/span><\/p>\n<\/li>\n<li data-start=\"463\" data-end=\"615\">\n<p data-start=\"465\" data-end=\"488\"><span style=\"color: #000000;\"><strong data-start=\"465\" data-end=\"486\">Pr\u00fcfungsmethoden:<\/strong><\/span><\/p>\n<ul data-start=\"491\" data-end=\"615\">\n<li data-start=\"491\" data-end=\"533\">\n<p data-start=\"493\" data-end=\"533\"><span style=\"color: #000000;\">Manueller Check per Tastaturnavigation<\/span><\/p>\n<\/li>\n<li data-start=\"536\" data-end=\"571\">\n<p data-start=\"538\" data-end=\"571\"><span style=\"color: #000000;\">Einsatz von Screenreader (NVDA)<\/span><\/p>\n<\/li>\n<li data-start=\"574\" data-end=\"615\">\n<p data-start=\"576\" data-end=\"615\"><span style=\"color: #000000;\">Kontrast- und Farbsichtbarkeits-Tests<\/span><\/p>\n<\/li>\n<\/ul>\n<\/li>\n<\/ul>\n<p data-start=\"617\" data-end=\"738\"><span style=\"color: #000000;\"><strong data-start=\"617\" data-end=\"655\">4. Noch bestehende Einschr\u00e4nkungen<\/strong><\/span><br data-start=\"655\" data-end=\"658\"><span style=\"color: #000000;\">Trotz kontinuierlicher Verbesserungen gibt es aktuell noch folgende Barrieren:<\/span><\/p>\n<ul data-start=\"739\" data-end=\"967\">\n<li data-start=\"739\" data-end=\"801\">\n<p data-start=\"741\" data-end=\"801\"><span style=\"color: #000000;\">Bei einigen Bildern fehlen noch komplette Alternativtexte.<\/span><\/p>\n<\/li>\n<li data-start=\"802\" data-end=\"892\">\n<p data-start=\"804\" data-end=\"892\"><span style=\"color: #000000;\">Nicht alle Formulare zeigen eine durchg\u00e4ngige Fokusmarkierung bei Tastatur\u00adnavigation.<\/span><\/p>\n<\/li>\n<li data-start=\"893\" data-end=\"967\">\n<p data-start=\"895\" data-end=\"967\"><span style=\"color: #000000;\">Video-Inhalte liegen derzeit ohne Untertitel oder Transkriptionen vor.<\/span><\/p>\n<\/li>\n<\/ul>\n<p data-start=\"969\" data-end=\"1025\"><span style=\"color: #000000;\">Wir arbeiten daran, diese Punkte bis Q4 2025 zu beheben.<\/span><\/p>\n<p data-start=\"1027\" data-end=\"1145\"><span style=\"color: #000000;\"><strong data-start=\"1027\" data-end=\"1054\">5. Feedback und Kontakt<\/strong><\/span><br data-start=\"1054\" data-end=\"1057\"><span style=\"color: #000000;\">Wenn Sie Barrieren entdecken oder Unterst\u00fctzung ben\u00f6tigen, kontaktieren Sie uns bitte:<\/span><\/p>\n<ul data-start=\"1146\" data-end=\"1220\">\n<li data-start=\"1146\" data-end=\"1188\">\n<p data-start=\"1148\" data-end=\"1188\"><span style=\"color: #000000;\"><strong data-start=\"1148\" data-end=\"1159\">E-Mail:<\/strong> <a class=\"cursor-pointer\" style=\"color: #000000;\" rel=\"noopener\" data-start=\"1160\" data-end=\"1186\">linedance-in-berlin@gmx.de<\/a><\/span><\/p>\n<\/li>\n<li data-start=\"1189\" data-end=\"1220\">\n<p data-start=\"1191\" data-end=\"1220\"><span style=\"color: #000000;\"><strong data-start=\"1191\" data-end=\"1203\">Telefon:<\/strong> 0179 \/ 6815914<\/span><\/p>\n<\/li>\n<\/ul>\n<p data-start=\"1222\" data-end=\"1390\"><span style=\"color: #000000;\">Bitte nennen Sie die betroffene Seite, Ihr Ger\u00e4t und Ihren Browser bzw. das von Ihnen eingesetzte Hilfsmittel, damit wir Ihr Anliegen schnell pr\u00fcfen und beheben k\u00f6nnen.<\/span><\/p>\n<p data-start=\"1392\" data-end=\"1554\"><span style=\"color: #000000;\"><strong data-start=\"1392\" data-end=\"1416\">6. Weiteres Vorgehen<\/strong><\/span><br data-start=\"1416\" data-end=\"1419\"><span style=\"color: #000000;\">Wir \u00fcberpr\u00fcfen und aktualisieren den Stand der Barrierefreiheit mindestens einmal j\u00e4hrlich oder bei gr\u00f6\u00dferen \u00c4nderungen an der Website.<\/span><\/p>\n<p data-start=\"1556\" data-end=\"1643\" data-is-last-node=\"\" data-is-only-node=\"\"><span style=\"color: #000000;\"><strong data-start=\"1556\" data-end=\"1573\">7. G\u00fcltigkeit<\/strong><\/span><br data-start=\"1573\" data-end=\"1576\"><span style=\"color: #000000;\">Diese Erkl\u00e4rung ist g\u00fcltig ab 4. Juli 2025. \u00c4nderungen vorbehalten.<\/span><\/p>\t\t\t\t\t\t\t\t<\/div>\n\t\t\t\t<\/div>\n\t\t\t\t<\/div>\n\t\t\t\t<\/div>\n\t\t","protected":false},"excerpt":{"rendered":"<p>1. Geltungsbereich Diese Erkl\u00e4rung zur Barrierefreiheit gilt f\u00fcr die Website https:\/\/linedance-in-berlin.de\/ von Ralph Bergmann, Am Bahnhof 2a, 16515 Z\u00fchlsdorf. 2. Status der BarrierefreiheitUnsere Website ist teilweise barrierefrei. Wir orientieren uns an den gesetzlichen Vorgaben der BITV 2.0 und den WCAG 2.1 (Level AA). 3. Verwendete Standards und Pr\u00fcfverfahren Richtlinien: WCAG 2.1 AA, BITV 2.0 Pr\u00fcfungsmethoden: [&hellip;]<\/p>\n","protected":false},"author":1,"featured_media":0,"parent":0,"menu_order":0,"comment_status":"closed","ping_status":"closed","template":"elementor_header_footer","meta":{"footnotes":""},"class_list":["post-25","page","type-page","status-publish","hentry"],"yoast_head":"<!-- This site is optimized with the Yoast SEO plugin v27.1.1 - https:\/\/yoast.com\/product\/yoast-seo-wordpress\/ -->\n<title>Barrierefreiheit - Linedance in Berlin<\/title>\n<meta name=\"robots\" content=\"noindex, nofollow\" \/>\n<meta property=\"og:locale\" content=\"de_DE\" \/>\n<meta property=\"og:type\" content=\"article\" \/>\n<meta property=\"og:title\" content=\"Barrierefreiheit - Linedance in Berlin\" \/>\n<meta property=\"og:description\" content=\"1. Geltungsbereich Diese Erkl\u00e4rung zur Barrierefreiheit gilt f\u00fcr die Website https:\/\/linedance-in-berlin.de\/ von Ralph Bergmann, Am Bahnhof 2a, 16515 Z\u00fchlsdorf. 2. Status der BarrierefreiheitUnsere Website ist teilweise barrierefrei. Wir orientieren uns an den gesetzlichen Vorgaben der BITV 2.0 und den WCAG 2.1 (Level AA). 3. Verwendete Standards und Pr\u00fcfverfahren Richtlinien: WCAG 2.1 AA, BITV 2.0 Pr\u00fcfungsmethoden: [&hellip;]\" \/>\n<meta property=\"og:url\" content=\"https:\/\/www.linedance-in-berlin.de\/?page_id=25\" \/>\n<meta property=\"og:site_name\" content=\"Linedance in Berlin\" \/>\n<meta property=\"article:modified_time\" content=\"2025-07-31T07:24:49+00:00\" \/>\n<meta name=\"twitter:card\" content=\"summary_large_image\" \/>\n<meta name=\"twitter:label1\" content=\"Gesch\u00e4tzte Lesezeit\" \/>\n\t<meta name=\"twitter:data1\" content=\"2\u00a0Minuten\" \/>\n<script type=\"application\/ld+json\" class=\"yoast-schema-graph\">{\"@context\":\"https:\/\/schema.org\",\"@graph\":[{\"@type\":\"WebPage\",\"@id\":\"https:\/\/www.linedance-in-berlin.de\/?page_id=25\",\"url\":\"https:\/\/www.linedance-in-berlin.de\/?page_id=25\",\"name\":\"Barrierefreiheit - Linedance in Berlin\",\"isPartOf\":{\"@id\":\"https:\/\/www.linedance-in-berlin.de\/#website\"},\"datePublished\":\"2025-02-06T11:25:25+00:00\",\"dateModified\":\"2025-07-31T07:24:49+00:00\",\"breadcrumb\":{\"@id\":\"https:\/\/www.linedance-in-berlin.de\/?page_id=25#breadcrumb\"},\"inLanguage\":\"de\",\"potentialAction\":[{\"@type\":\"ReadAction\",\"target\":[\"https:\/\/www.linedance-in-berlin.de\/?page_id=25\"]}]},{\"@type\":\"BreadcrumbList\",\"@id\":\"https:\/\/www.linedance-in-berlin.de\/?page_id=25#breadcrumb\",\"itemListElement\":[{\"@type\":\"ListItem\",\"position\":1,\"name\":\"Startseite\",\"item\":\"https:\/\/www.linedance-in-berlin.de\/\"},{\"@type\":\"ListItem\",\"position\":2,\"name\":\"Barrierefreiheit\"}]},{\"@type\":\"WebSite\",\"@id\":\"https:\/\/www.linedance-in-berlin.de\/#website\",\"url\":\"https:\/\/www.linedance-in-berlin.de\/\",\"name\":\"Linedance in Berlin\",\"description\":\"\",\"publisher\":{\"@id\":\"https:\/\/www.linedance-in-berlin.de\/#organization\"},\"potentialAction\":[{\"@type\":\"SearchAction\",\"target\":{\"@type\":\"EntryPoint\",\"urlTemplate\":\"https:\/\/www.linedance-in-berlin.de\/?s={search_term_string}\"},\"query-input\":{\"@type\":\"PropertyValueSpecification\",\"valueRequired\":true,\"valueName\":\"search_term_string\"}}],\"inLanguage\":\"de\"},{\"@type\":\"Organization\",\"@id\":\"https:\/\/www.linedance-in-berlin.de\/#organization\",\"name\":\"Linedance in Berlin\",\"url\":\"https:\/\/www.linedance-in-berlin.de\/\",\"logo\":{\"@type\":\"ImageObject\",\"inLanguage\":\"de\",\"@id\":\"https:\/\/www.linedance-in-berlin.de\/#\/schema\/logo\/image\/\",\"url\":\"https:\/\/www.linedance-in-berlin.de\/wp-content\/uploads\/2025\/02\/Line-Dance-in-Berlin-Logo-e1752221396925.jpeg\",\"contentUrl\":\"https:\/\/www.linedance-in-berlin.de\/wp-content\/uploads\/2025\/02\/Line-Dance-in-Berlin-Logo-e1752221396925.jpeg\",\"width\":1224,\"height\":1136,\"caption\":\"Linedance in Berlin\"},\"image\":{\"@id\":\"https:\/\/www.linedance-in-berlin.de\/#\/schema\/logo\/image\/\"}}]}<\/script>\n<!-- \/ Yoast SEO plugin. -->","yoast_head_json":{"title":"Barrierefreiheit - Linedance in Berlin","robots":{"index":"noindex","follow":"nofollow"},"og_locale":"de_DE","og_type":"article","og_title":"Barrierefreiheit - Linedance in Berlin","og_description":"1. Geltungsbereich Diese Erkl\u00e4rung zur Barrierefreiheit gilt f\u00fcr die Website https:\/\/linedance-in-berlin.de\/ von Ralph Bergmann, Am Bahnhof 2a, 16515 Z\u00fchlsdorf. 2. Status der BarrierefreiheitUnsere Website ist teilweise barrierefrei. Wir orientieren uns an den gesetzlichen Vorgaben der BITV 2.0 und den WCAG 2.1 (Level AA). 3. Verwendete Standards und Pr\u00fcfverfahren Richtlinien: WCAG 2.1 AA, BITV 2.0 Pr\u00fcfungsmethoden: [&hellip;]","og_url":"https:\/\/www.linedance-in-berlin.de\/?page_id=25","og_site_name":"Linedance in Berlin","article_modified_time":"2025-07-31T07:24:49+00:00","twitter_card":"summary_large_image","twitter_misc":{"Gesch\u00e4tzte Lesezeit":"2\u00a0Minuten"},"schema":{"@context":"https:\/\/schema.org","@graph":[{"@type":"WebPage","@id":"https:\/\/www.linedance-in-berlin.de\/?page_id=25","url":"https:\/\/www.linedance-in-berlin.de\/?page_id=25","name":"Barrierefreiheit - Linedance in Berlin","isPartOf":{"@id":"https:\/\/www.linedance-in-berlin.de\/#website"},"datePublished":"2025-02-06T11:25:25+00:00","dateModified":"2025-07-31T07:24:49+00:00","breadcrumb":{"@id":"https:\/\/www.linedance-in-berlin.de\/?page_id=25#breadcrumb"},"inLanguage":"de","potentialAction":[{"@type":"ReadAction","target":["https:\/\/www.linedance-in-berlin.de\/?page_id=25"]}]},{"@type":"BreadcrumbList","@id":"https:\/\/www.linedance-in-berlin.de\/?page_id=25#breadcrumb","itemListElement":[{"@type":"ListItem","position":1,"name":"Startseite","item":"https:\/\/www.linedance-in-berlin.de\/"},{"@type":"ListItem","position":2,"name":"Barrierefreiheit"}]},{"@type":"WebSite","@id":"https:\/\/www.linedance-in-berlin.de\/#website","url":"https:\/\/www.linedance-in-berlin.de\/","name":"Linedance in Berlin","description":"","publisher":{"@id":"https:\/\/www.linedance-in-berlin.de\/#organization"},"potentialAction":[{"@type":"SearchAction","target":{"@type":"EntryPoint","urlTemplate":"https:\/\/www.linedance-in-berlin.de\/?s={search_term_string}"},"query-input":{"@type":"PropertyValueSpecification","valueRequired":true,"valueName":"search_term_string"}}],"inLanguage":"de"},{"@type":"Organization","@id":"https:\/\/www.linedance-in-berlin.de\/#organization","name":"Linedance in Berlin","url":"https:\/\/www.linedance-in-berlin.de\/","logo":{"@type":"ImageObject","inLanguage":"de","@id":"https:\/\/www.linedance-in-berlin.de\/#\/schema\/logo\/image\/","url":"https:\/\/www.linedance-in-berlin.de\/wp-content\/uploads\/2025\/02\/Line-Dance-in-Berlin-Logo-e1752221396925.jpeg","contentUrl":"https:\/\/www.linedance-in-berlin.de\/wp-content\/uploads\/2025\/02\/Line-Dance-in-Berlin-Logo-e1752221396925.jpeg","width":1224,"height":1136,"caption":"Linedance in Berlin"},"image":{"@id":"https:\/\/www.linedance-in-berlin.de\/#\/schema\/logo\/image\/"}}]}},"_links":{"self":[{"href":"https:\/\/www.linedance-in-berlin.de\/index.php?rest_route=\/wp\/v2\/pages\/25","targetHints":{"allow":["GET"]}}],"collection":[{"href":"https:\/\/www.linedance-in-berlin.de\/index.php?rest_route=\/wp\/v2\/pages"}],"about":[{"href":"https:\/\/www.linedance-in-berlin.de\/index.php?rest_route=\/wp\/v2\/types\/page"}],"author":[{"embeddable":true,"href":"https:\/\/www.linedance-in-berlin.de\/index.php?rest_route=\/wp\/v2\/users\/1"}],"replies":[{"embeddable":true,"href":"https:\/\/www.linedance-in-berlin.de\/index.php?rest_route=%2Fwp%2Fv2%2Fcomments&post=25"}],"version-history":[{"count":10,"href":"https:\/\/www.linedance-in-berlin.de\/index.php?rest_route=\/wp\/v2\/pages\/25\/revisions"}],"predecessor-version":[{"id":179,"href":"https:\/\/www.linedance-in-berlin.de\/index.php?rest_route=\/wp\/v2\/pages\/25\/revisions\/179"}],"wp:attachment":[{"href":"https:\/\/www.linedance-in-berlin.de\/index.php?rest_route=%2Fwp%2Fv2%2Fmedia&parent=25"}],"curies":[{"name":"wp","href":"https:\/\/api.w.org\/{rel}","templated":true}]}}